{"id":7,"date":"2024-07-26T09:17:43","date_gmt":"2024-07-26T09:17:43","guid":{"rendered":"https:\/\/taurus.md\/?page_id=7"},"modified":"2024-07-26T10:21:27","modified_gmt":"2024-07-26T10:21:27","slug":"elementor-7","status":"publish","type":"page","link":"https:\/\/taurus.md\/","title":{"rendered":"Pagina principal\u0103"},"content":{"rendered":"<style>\/*! elementor - v3.23.0 - 25-07-2024 *\/\nbody.elementor-page .elementor-widget-menu-anchor{margin-bottom:0}<\/style>\n<h2>Desprenoi<\/h2>\n<p>Suntem o companie specializat\u0103 \u00een comercializarea \u0219i exportarea fructelor \u00een stare proasp\u0103t\u0103 pe pie\u021bele UE \u0219i CSI. Ne angaj\u0103m s\u0103 fim partenerul de \u00eencredere \u00een livrarea unei produc\u021bii de \u00eenalt\u0103 calitate, care corespunde standardelor interna\u021bionale.<\/p>\n<p>Fructele \u0219i strugurii de mas\u0103 sunt achizi\u021bionate direct de la produc\u0103tor \u0219i p\u0103strate \u00een cele mai bune condi\u021bii p\u00e2n\u0103 la livrarea lor \u00een stare proasp\u0103t\u0103.<\/p>\n<p>Ne deosebim prin:<\/p>\n<ul>\n<li>Individualizare &#8211; solu\u021bii personalizate adaptate nevoilor \u0219i cerin\u021belor specifice ale fiec\u0103rui client;<\/li>\n<li>Eficien\u021b\u0103 \u2013 livrarea produselor \u0219i \/sau serviciilor \u00een timp optim;<\/li>\n<li>Transparen\u021b\u0103 &#8211; comunicare constant\u0103 \u0219i deschis\u0103 cu clien\u021bii no\u0219tri<\/li>\n<\/ul>\n<p>Suntem bucuro\u0219i s\u0103 ne satisfacem clien\u021bii \u0219i s\u0103 le realiz\u0103m dorin\u021bele individuale, oferindu-le produse \u0219i servicii de calitate.<\/p>\n<style>\/*! elementor - v3.23.0 - 25-07-2024 *\/\n.elementor-widget-image{text-align:center}.elementor-widget-image a{display:inline-block}.elementor-widget-image a img[src$=\".svg\"]{width:48px}.elementor-widget-image img{vertical-align:middle;display:inline-block}<\/style>\n<p>\t\t\t\t\t\t\t\t\t\t<img loading=\"lazy\" decoding=\"async\" width=\"800\" height=\"400\" src=\"https:\/\/taurus.md\/wp-content\/uploads\/2024\/07\/aas-main-001.jpg\" alt=\"\" srcset=\"https:\/\/taurus.md\/wp-content\/uploads\/2024\/07\/aas-main-001.jpg 1000w, https:\/\/taurus.md\/wp-content\/uploads\/2024\/07\/aas-main-001-300x150.jpg 300w, https:\/\/taurus.md\/wp-content\/uploads\/2024\/07\/aas-main-001-768x384.jpg 768w\" sizes=\"auto, (max-width: 800px) 100vw, 800px\" \/>\t\t\t\t\t\t\t\t\t\t\t\t\t<\/p>\n<h2>Livr\u0103m fructe \u0219i struguri de mas\u0103 EN-GROS \u00een stare proasp\u0103t\u0103 la sezon<\/h2>\n<p>\t\t\t                <input type=\"radio\" name=\"ekit_ia_3e666957\" id=\"ekit_ia_3e666957_0\" hidden><br \/>\n                <label for=\"ekit_ia_3e666957_0\" style=\"background-image: url(https:\/\/taurus.md\/wp-content\/uploads\/2024\/07\/fruits-00001-scaled-1.jpg)\"><br \/>\n\t\t\t\t\t\t\t\tCire\u0219e<br \/>\n                <\/label><br \/>\n                            <input type=\"radio\" name=\"ekit_ia_3e666957\" id=\"ekit_ia_3e666957_1\" checked=\"checked\" hidden><br \/>\n                <label for=\"ekit_ia_3e666957_1\" style=\"background-image: url(https:\/\/taurus.md\/wp-content\/uploads\/2024\/07\/apricots-001-scaled-1.jpg)\"><br \/>\n\t\t\t\t\t\t\t\tCaise<br \/>\n                <\/label><br \/>\n                            <input type=\"radio\" name=\"ekit_ia_3e666957\" id=\"ekit_ia_3e666957_2\" hidden><br \/>\n                <label for=\"ekit_ia_3e666957_2\" style=\"background-image: url(https:\/\/taurus.md\/wp-content\/uploads\/2024\/07\/grapes-013.jpg)\"><br \/>\n\t\t\t\t\t\t\t\tStruguri de mas\u0103<br \/>\n                <\/label><br \/>\n                            <input type=\"radio\" name=\"ekit_ia_3e666957\" id=\"ekit_ia_3e666957_3\" hidden><br \/>\n                <label for=\"ekit_ia_3e666957_3\" style=\"background-image: url(https:\/\/taurus.md\/wp-content\/uploads\/2024\/07\/plums-005.jpg)\"><br \/>\n\t\t\t\t\t\t\t\tPrune<br \/>\n                <\/label><\/p>\n<h2>Calendar disponibilitate<\/h2>\n<table>\n<thead>\n<tr>\n<th>\n\t\t\t\t\t\t\t\tProdus\n\t\t\t\t\t\t<\/th>\n<th>\n\t\t\t\t\t\t\t\tIAN\n\t\t\t\t\t\t<\/th>\n<th>\n\t\t\t\t\t\t\t\tFEB\n\t\t\t\t\t\t<\/th>\n<th>\n\t\t\t\t\t\t\t\tMAR\n\t\t\t\t\t\t<\/th>\n<th>\n\t\t\t\t\t\t\t\tAPR\n\t\t\t\t\t\t<\/th>\n<th>\n\t\t\t\t\t\t\t\tMAI\n\t\t\t\t\t\t<\/th>\n<th>\n\t\t\t\t\t\t\t\tIUN\n\t\t\t\t\t\t<\/th>\n<th>\n\t\t\t\t\t\t\t\tIUL\n\t\t\t\t\t\t<\/th>\n<th>\n\t\t\t\t\t\t\t\tAUG\n\t\t\t\t\t\t<\/th>\n<th>\n\t\t\t\t\t\t\t\tSEP\n\t\t\t\t\t\t<\/th>\n<th>\n\t\t\t\t\t\t\t\tOCT\n\t\t\t\t\t\t<\/th>\n<th>\n\t\t\t\t\t\t\t\tNOI\n\t\t\t\t\t\t<\/th>\n<th>\n\t\t\t\t\t\t\t\tDEC\n\t\t\t\t\t\t<\/th>\n<\/tr>\n<\/thead>\n<tbody>\n<tr>\n<td>\n\t\t\t\t\t\t\t\t\t\t\tCaise\n\t\t\t\t\t\t\t\t<\/td>\n<td>\n\t\t\t\t\t\t\t\t<\/td>\n<td>\n\t\t\t\t\t\t\t\t<\/td>\n<td>\n\t\t\t\t\t\t\t\t<\/td>\n<td>\n\t\t\t\t\t\t\t\t<\/td>\n<td>\n\t\t\t\t\t\t\t\t<\/td>\n<td>\n\t\t\t\t\t\t\t\t<\/td>\n<td>\n\t\t\t\t\t\t\t\t<\/td>\n<td>\n\t\t\t\t\t\t\t\t<\/td>\n<td>\n\t\t\t\t\t\t\t\t<\/td>\n<td>\n\t\t\t\t\t\t\t\t<\/td>\n<td>\n\t\t\t\t\t\t\t\t<\/td>\n<td>\n\t\t\t\t\t\t\t\t<\/td>\n<\/tr>\n<tr>\n<td>\n\t\t\t\t\t\t\t\t\t\t\tCire\u0219e\n\t\t\t\t\t\t\t\t<\/td>\n<td>\n\t\t\t\t\t\t\t\t<\/td>\n<td>\n\t\t\t\t\t\t\t\t<\/td>\n<td>\n\t\t\t\t\t\t\t\t<\/td>\n<td>\n\t\t\t\t\t\t\t\t<\/td>\n<td>\n\t\t\t\t\t\t\t\t<\/td>\n<td>\n\t\t\t\t\t\t\t\t<\/td>\n<td>\n\t\t\t\t\t\t\t\t<\/td>\n<td>\n\t\t\t\t\t\t\t\t<\/td>\n<td>\n\t\t\t\t\t\t\t\t<\/td>\n<td>\n\t\t\t\t\t\t\t\t<\/td>\n<td>\n\t\t\t\t\t\t\t\t<\/td>\n<td>\n\t\t\t\t\t\t\t\t<\/td>\n<\/tr>\n<tr>\n\t\t\t\t\t\t\t\t\t\t\t<\/tr>\n<tr>\n<td>\n\t\t\t\t\t\t\t\t\t\t\tPrune\n\t\t\t\t\t\t\t\t<\/td>\n<td>\n\t\t\t\t\t\t\t\t<\/td>\n<td>\n\t\t\t\t\t\t\t\t<\/td>\n<td>\n\t\t\t\t\t\t\t\t<\/td>\n<td>\n\t\t\t\t\t\t\t\t<\/td>\n<td>\n\t\t\t\t\t\t\t\t<\/td>\n<td>\n\t\t\t\t\t\t\t\t<\/td>\n<td>\n\t\t\t\t\t\t\t\t<\/td>\n<td>\n\t\t\t\t\t\t\t\t<\/td>\n<td>\n\t\t\t\t\t\t\t\t<\/td>\n<td>\n\t\t\t\t\t\t\t\t<\/td>\n<td>\n\t\t\t\t\t\t\t\t<\/td>\n<td>\n\t\t\t\t\t\t\t\t<\/td>\n<\/tr>\n<tr>\n<td>\n\t\t\t\t\t\t\t\t\t\t\tStruguri\n\t\t\t\t\t\t\t\t<\/td>\n<td>\n\t\t\t\t\t\t\t\t<\/td>\n<td>\n\t\t\t\t\t\t\t\t<\/td>\n<td>\n\t\t\t\t\t\t\t\t<\/td>\n<td>\n\t\t\t\t\t\t\t\t<\/td>\n<td>\n\t\t\t\t\t\t\t\t<\/td>\n<td>\n\t\t\t\t\t\t\t\t<\/td>\n<td>\n\t\t\t\t\t\t\t\t<\/td>\n<td>\n\t\t\t\t\t\t\t\t<\/td>\n<td>\n\t\t\t\t\t\t\t\t<\/td>\n<td>\n\t\t\t\t\t\t\t\t<\/td>\n<td>\n\t\t\t\t\t\t\t\t<\/td>\n<td>\n\t\t\t\t\t\t\t\t<\/td>\n<\/tr>\n<\/tbody>\n<\/table>\n<h2>Servicii<\/h2>\n<style>\/*! elementor - v3.23.0 - 25-07-2024 *\/\n.elementor-heading-title{padding:0;margin:0;line-height:1}.elementor-widget-heading .elementor-heading-title[class*=elementor-size-]>a{color:inherit;font-size:inherit;line-height:inherit}.elementor-widget-heading .elementor-heading-title.elementor-size-small{font-size:15px}.elementor-widget-heading .elementor-heading-title.elementor-size-medium{font-size:19px}.elementor-widget-heading .elementor-heading-title.elementor-size-large{font-size:29px}.elementor-widget-heading .elementor-heading-title.elementor-size-xl{font-size:39px}.elementor-widget-heading .elementor-heading-title.elementor-size-xxl{font-size:59px}<\/style>\n<h2>Export<\/h2>\n<p>\t\t\t\t\t\t\t\t\t\t\t\t\t<img loading=\"lazy\" decoding=\"async\" width=\"300\" height=\"300\" src=\"https:\/\/taurus.md\/wp-content\/uploads\/2024\/07\/export-001-300x300.png\" alt=\"\" srcset=\"https:\/\/taurus.md\/wp-content\/uploads\/2024\/07\/export-001-300x300.png 300w, https:\/\/taurus.md\/wp-content\/uploads\/2024\/07\/export-001-150x150.png 150w, https:\/\/taurus.md\/wp-content\/uploads\/2024\/07\/export-001.png 512w\" sizes=\"auto, (max-width: 300px) 100vw, 300px\" \/>\t\t\t\t\t\t\t\t\t\t\t\t\t<\/p>\n<p>Dac\u0103 sunte\u021bi interesat s\u0103 exporta\u021bi fructe \u0219i struguri \u00een stare proasp\u0103t\u0103, dar nu sunte\u021bi suficient de preg\u0103tit pentru aceast\u0103, v\u0103 invit\u0103m s\u0103 contacta\u021bi compania TAURUS AGRICULTURA SRL pentru a v\u0103 oferi sprijinul \u0219i experien\u021ba sa \u00een aceast\u0103 activitate.<\/p>\n<p>Preg\u0103tirea documenta\u021biei pentru export:<\/p>\n<ul>\n<li>V\u0103muire<\/li>\n<li>Transportarea c\u0103tre cump\u0103r\u0103tor, conform condi\u021biilor DDP \/ EX-Works (livrare la locul de desc\u0103rcare).<\/li>\n<\/ul>\n<p><strong>\u00a0<\/strong><\/p>\n<h2>Date de contact<\/h2>\n<figure>\n\t\t\t\t\t\t\t<\/figure>\n<h2>TAURUS AGRICULTURA SRL<\/h2>\n<p>Republica Moldova, Chi\u0219in\u0103u<br \/>\nIDNO 1022606001929<\/p>\n<figure>\n\t\t\t\t\t\t\t<\/figure>\n<h2>Adres\u0103 de e-mail<\/h2>\n<p><a href=\"mailto:info@taurus.md\">info@taurus.md<\/a><\/p>\n<p><\/p>\n<figure>\n\t\t\t\t\t\t\t<\/figure>\n<h2>Telefon<\/h2>\n<p><a href=\"tel:+ 373 69008599\"> + 373 69008599<\/a><\/p>\n<p><\/p>\n","protected":false},"excerpt":{"rendered":"<p>Desprenoi Suntem o companie specializat\u0103 \u00een comercializarea \u0219i exportarea fructelor \u00een stare proasp\u0103t\u0103 pe pie\u021bele UE \u0219i CSI. Ne angaj\u0103m s\u0103 fim partenerul de \u00eencredere \u00een livrarea unei produc\u021bii de \u00eenalt\u0103 calitate, care corespunde standardelor interna\u021bionale. Fructele \u0219i strugurii de mas\u0103 sunt achizi\u021bionate direct de la produc\u0103tor \u0219i p\u0103strate \u00een cele mai bune condi\u021bii p\u00e2n\u0103 [&hellip;]<\/p>\n","protected":false},"author":1,"featured_media":0,"parent":0,"menu_order":0,"comment_status":"closed","ping_status":"closed","template":"","meta":{"_eb_attr":"","footnotes":""},"class_list":["post-7","page","type-page","status-publish","hentry"],"_links":{"self":[{"href":"https:\/\/taurus.md\/index.php\/wp-json\/wp\/v2\/pages\/7","targetHints":{"allow":["GET"]}}],"collection":[{"href":"https:\/\/taurus.md\/index.php\/wp-json\/wp\/v2\/pages"}],"about":[{"href":"https:\/\/taurus.md\/index.php\/wp-json\/wp\/v2\/types\/page"}],"author":[{"embeddable":true,"href":"https:\/\/taurus.md\/index.php\/wp-json\/wp\/v2\/users\/1"}],"replies":[{"embeddable":true,"href":"https:\/\/taurus.md\/index.php\/wp-json\/wp\/v2\/comments?post=7"}],"version-history":[{"count":41,"href":"https:\/\/taurus.md\/index.php\/wp-json\/wp\/v2\/pages\/7\/revisions"}],"predecessor-version":[{"id":218,"href":"https:\/\/taurus.md\/index.php\/wp-json\/wp\/v2\/pages\/7\/revisions\/218"}],"wp:attachment":[{"href":"https:\/\/taurus.md\/index.php\/wp-json\/wp\/v2\/media?parent=7"}],"curies":[{"name":"wp","href":"https:\/\/api.w.org\/{rel}","templated":true}]}}